{"id":1860,"date":"2020-01-09T16:24:05","date_gmt":"2020-01-09T15:24:05","guid":{"rendered":"https:\/\/glowbal.es\/raccogliere\/"},"modified":"2020-01-28T23:49:37","modified_gmt":"2020-01-28T22:49:37","slug":"raccogliere","status":"publish","type":"page","link":"https:\/\/glowbal.es\/it\/raccogliere\/","title":{"rendered":"Raccogliere"},"content":{"rendered":"<p>[vc_row full_width=&#8221;stretch_row&#8221; css=&#8221;.vc_custom_1571081760170{padding-top: 5% !important;padding-right: 5% !important;background-image: url(https:\/\/glowbal.es\/wp-content\/uploads\/2019\/09\/Foto-principal.jpg?id=1004) !important;}&#8221;][vc_column width=&#8221;2\/3&#8243;][vc_row_inner][vc_column_inner width=&#8221;2\/3&#8243;][vc_column_text]<\/p>\n<div class=\"wpb_column vc_column_container vc_col-sm-8\">\n<div class=\"vc_column-inner\">\n<div class=\"wpb_wrapper\">\n<div class=\"wpb_text_column wpb_content_element \">\n<div class=\"wpb_wrapper\">\n<h1>\u00bfImaginas\u00a0<strong>la tua casa venduta<\/strong><strong> in 90 giorni<\/strong>, senza preoccuparti di nulla?<\/h1>\n<\/div>\n<\/div>\n<\/div>\n<\/div>\n<\/div>\n<p>[\/vc_column_text][\/vc_column_inner][vc_column_inner width=&#8221;1\/6&#8243;][\/vc_column_inner][\/vc_row_inner][\/vc_column][vc_column width=&#8221;1\/3&#8243; css=&#8221;.vc_custom_1571081873250{background-color: #5ba2be !important;}&#8221; el_id=&#8221;contacto&#8221;][vc_raw_html]JTVCY2FsZGVyYV9mb3JtJTIwaWQlM0QlMjJDRjVlMzBiOTJkZTI3YmQlMjIlNUQ=[\/vc_raw_html][\/vc_column][vc_column][vc_empty_space height=&#8221;52px&#8221;][\/vc_column][\/vc_row][vc_row][vc_column width=&#8221;1\/6&#8243;][\/vc_column][vc_column width=&#8221;2\/3&#8243;][vc_column_text]<\/p>\n<h2 style=\"text-align: center;\">\u00bfPerch\u00e9 NOI?<\/h2>\n<p style=\"text-align: center;\">Per vendere devi creare, contribuire ed essere in grado di dimostrare che la tua propiet\u00e0 \u00e8 l\u2019opzione migliore. Per questo avrai un intero Team di commerciali esperti, Urbanisti, Architetti, Avvocati , Decoratori e agenti Finanziari che lavoreranno insieme per vendere la tua casa.<\/p>\n<p style=\"text-align: center;\">Perch\u00e8 vendere una casa non \u00e8 un compito facile, non si trata solo di trovare l\u2019acquirente giusto, ma richiede anche di molte procedure e, sopratutto di TEMPO.  Se non vuoi perdere un momento e non preoccuparti di nessuna gestione, il nostro Team si occuper\u00e0 di tutto quello di cui hai bisogno.<\/p>\n<p>[\/vc_column_text][vc_btn title=&#8221;Pubblica la mia casa&#8221; style=&#8221;gradient-custom&#8221; gradient_custom_color_1=&#8221;#2b445e&#8221; gradient_custom_color_2=&#8221;#72b0cf&#8221; align=&#8221;center&#8221; link=&#8221;url:%23contacto|&#8221;][\/vc_column][vc_column width=&#8221;1\/6&#8243;][\/vc_column][\/vc_row][vc_row css=&#8221;.vc_custom_1569426060193{background: rgba(43,68,94,0.77) url(https:\/\/glowbal.es\/wp-content\/uploads\/revslider\/RealtyspaceSlider11\/banner-3.jpg?id=10) !important;*background-color: rgb(43,68,94) !important;}&#8221;][vc_column][vc_row_inner gap=&#8221;10&#8243; css=&#8221;.vc_custom_1569425960907{margin-right: 5% !important;margin-left: 5% !important;background-color: rgba(43,68,94,0.87) !important;*background-color: rgb(43,68,94) !important;border-radius: 3px !important;}&#8221;][vc_column_inner][vc_empty_space][vc_column_text]<\/p>\n<div class=\"wpb_text_column wpb_content_element \">\n<div class=\"wpb_wrapper\">\n<h2 style=\"text-align: center;\"><span style=\"color: #ffffff;\"><strong>\u00bfPerch\u00e9 aspettare 1000 giorni  se possiamo venderla en 90 giorni? \u00bfCome?<\/strong><\/span><\/h2>\n<\/div>\n<\/div>\n<div class=\"vc_empty_space\"><\/div>\n<p>[\/vc_column_text][\/vc_column_inner][vc_column_inner width=&#8221;1\/3&#8243;][vc_icon type=&#8221;linecons&#8221; icon_linecons=&#8221;vc_li vc_li-megaphone&#8221; color=&#8221;custom&#8221; size=&#8221;lg&#8221; align=&#8221;center&#8221; custom_color=&#8221;#5faecc&#8221;][vc_column_text]<\/p>\n<h4 style=\"text-align: center;\"><span style=\"color: #ffffff;\"><strong>Piano di Marketing<\/strong><\/span><\/h4>\n<p style=\"text-align: center;\"><span style=\"color: #ffffff;\">Metteremo in evidenza la tua casa sulle le altre, grazie ad un Piano di Marketing  promuoveremo la tua casa e aumenteremo cos\u00ed le sue  possibilit\u00e1 di vendita.<\/span><\/p>\n<p>[\/vc_column_text][\/vc_column_inner][vc_column_inner width=&#8221;1\/3&#8243;][vc_icon type=&#8221;linecons&#8221; icon_linecons=&#8221;vc_li vc_li-note&#8221; color=&#8221;custom&#8221; size=&#8221;lg&#8221; align=&#8221;center&#8221; custom_color=&#8221;#5faecc&#8221;][vc_column_text]<\/p>\n<h4 style=\"text-align: center;\"><span style=\"color: #ffffff;\"><strong>Home Staging<\/strong><\/span><\/h4>\n<p style=\"text-align: center;\"><span style=\"color: #ffffff;\">In modo che l\u2019acquirente si innamori della tua casa a prima vista, faremo le modifiche necessarie. Perch\u00e9 abbiamo fiducia nella tua propiet\u00e1 e siamo sicuri di venderla. Non chiederemo Nessun anticipo, quando vendi ci paghi.<\/span><\/p>\n<p>[\/vc_column_text][\/vc_column_inner][vc_column_inner width=&#8221;1\/3&#8243;][vc_icon type=&#8221;linecons&#8221; icon_linecons=&#8221;vc_li vc_li-vallet&#8221; color=&#8221;custom&#8221; size=&#8221;lg&#8221; align=&#8221;center&#8221; custom_color=&#8221;#5faecc&#8221;][vc_column_text]<\/p>\n<h4 style=\"text-align: center;\"><span style=\"color: #ffffff;\"><strong>Valutazione gratuita<\/strong><\/span><\/h4>\n<p style=\"text-align: center;\"><span style=\"color: #ffffff;\">Il  valore dell\u2019abitazione \u00e9 di solito un argomento che genera molti dubbi. Noi facciamo una valutazione gratuita considerando ogni dettaglio. Il risultato sar\u00e1 un prezzo di vendita que sar\u00e0 il pi\u00fa alto consentito dal mercato in quel momento.<\/span><\/p>\n<p>[\/vc_column_text][\/vc_column_inner][vc_column_inner][vc_column_text]<\/p>\n<div class=\"wpb_text_column wpb_content_element \">\n<div class=\"wpb_wrapper\">\n<h2 style=\"text-align: center;\"><span style=\"color: #ffffff;\"><strong>E molte altre strategie<\/strong><\/span><\/h2>\n<\/div>\n<\/div>\n<div class=\"vc_empty_space\"><\/div>\n<p>[\/vc_column_text][\/vc_column_inner][\/vc_row_inner][vc_empty_space][vc_btn title=&#8221;Voglio vendere la mia propriet\u00e0&#8221; style=&#8221;gradient-custom&#8221; gradient_custom_color_1=&#8221;#2b445e&#8221; gradient_custom_color_2=&#8221;#72b0cf&#8221; align=&#8221;center&#8221; link=&#8221;url:%23contacto|&#8221;][vc_empty_space][\/vc_column][\/vc_row][vc_row][vc_column][vc_column_text]<\/p>\n<h1 style=\"text-align: center;\">Domande Frequenti<\/h1>\n<p>[\/vc_column_text][\/vc_column][\/vc_row][vc_row][vc_column width=&#8221;1\/2&#8243;][vc_tta_accordion active_section=&#8221;1&#8243; collapsible_all=&#8221;true&#8221;][vc_tta_section title=&#8221;\u00bfQuanto offrono per la mia casa ?&#8221; tab_id=&#8221;1571071486032-d9f8d595-a982&#8243;][vc_column_text]<span style=\"font-weight: 400;\">Attaverso di nostro CRM e l\u2019utilizzo di strumenti tecnologici a nostra disposizione, avremo un valore ottimale della tua casa: Il miglior prezzo per il mercato attuale.<\/span>[\/vc_column_text][\/vc_tta_section][vc_tta_section title=&#8221;\u00bfDi quali documenti hai bisogno per avere la nostra valutazione ?&#8221; tab_id=&#8221;1571071486073-97b50adc-b375&#8243;][vc_column_text]Hai bisogno di indetificarti ed  identificare la tua propriet\u00e1[\/vc_column_text][\/vc_tta_section][vc_tta_section title=&#8221;\u00bfCi sono  commissioni?&#8221; tab_id=&#8221;1571071847622-a4b3031d-6b8a&#8221;][vc_column_text]<span style=\"font-weight: 400;\">Non riscuotiamo commissioni. Si,  riscutiamo onorari perch\u00e9 siamo Professionisti. Perci\u00f3 una volta che la tua casa sia venduta,  i nostri onorari si riferiranno alla qualit\u00e0 dei servizi offerti.<\/span>[\/vc_column_text][\/vc_tta_section][vc_tta_section title=&#8221;\u00bfIn quali condizoni dovrebbe essere la mia casa ?&#8221; tab_id=&#8221;1571071923535-b0bf4b3c-a45e&#8221;][vc_column_text]<span style=\"font-weight: 400;\">Non importa in quali condizioni sia. Ti offriamo il nostro servizio di \u201cHome Staging\u201d per prendere le disposizioni  necessarie per  far che i possibili compratori si innamorino della casa.\u00a0<\/span>[\/vc_column_text][\/vc_tta_section][\/vc_tta_accordion][\/vc_column][vc_column width=&#8221;1\/2&#8243;][vc_tta_accordion active_section=&#8221;1&#8243; collapsible_all=&#8221;true&#8221;][vc_tta_section title=&#8221;\u00bfQuanto dura il processo ?&#8221; tab_id=&#8221;1571071938390-f258e2cc-0458&#8243;][vc_column_text]Da quando ci contatti fino alla consegna della\u00a0<i>Informe de<\/i> valutazione gratuita passeranno solo 48 ore Y <i>para <\/i>,ed in vendita non pi\u00f9  di 90 giorni.[\/vc_column_text][\/vc_tta_section][vc_tta_section title=&#8221;\u00bfDevo firmare un\u2019esclusivit\u00e0 ?&#8221; tab_id=&#8221;1571071938461-83aa815c-0e29&#8243;][vc_column_text]<i><span style=\"font-weight: 400;\">Un ordine di vendita \u00e9 l\u2019unico  documento che devi firmare, nel quale ti informeremo di  tutte le condizioni relative ai nostri servizi,<\/span><\/i><span style=\"font-weight: 400;\"> in cui l\u2019esclusivita <\/span><i><span style=\"font-weight: 400;\">sar\u00e0 una di queste<\/span><\/i> <span style=\"font-weight: 400;\">e non significher\u00e1 che la tua casa sia solo di nostra propiet\u00e1 poich\u00e8 le principali Agenzie Immobiliarie <\/span><i><span style=\"font-weight: 400;\">, che colaborano con ZINTEX  saranno in grado d\u2019accedervi ed offrirle  senza alcuna limitazione.<br \/>\n<\/span><\/i><span style=\"font-weight: 400;\">.\u00a0<\/span><\/p>\n<p><i><span style=\"font-weight: 400;\">Come la tua Agenzia Immobiliarie di fiducia<\/span><\/i><span style=\"font-weight: 400;\"> pianificheremo un piano d\u2019azione<\/span><i><span style=\"font-weight: 400;\">e di investimento<\/span><\/i><span style=\"font-weight: 400;\">in modo che la tua casa<\/span><i><span style=\"font-weight: 400;\"> sia presente<\/span><\/i><span style=\"font-weight: 400;\"> in  molti posti alla volta. Quelli in cui ci si deve essere estrategicamente per raggiungere una vendita efficace. Come veri intenditori del settore, siamo preparati per la gestione integrale della propiet\u00e0 che ci hai affidato.<\/span>[\/vc_column_text][\/vc_tta_section][vc_tta_section title=&#8221;\u00bfCome deciderete a chi far vedere la casa?&#8221; tab_id=&#8221;1571071938530-d68de3ea-b3ac&#8221;][vc_column_text]<span style=\"font-weight: 400;\">Abbiamo filtri interessati. Scegliamo i candidati di casa tua, prendendo solo coloro che sono veramente interessati e solventi. Effettuando una verifica dalla capacit\u00e0 econ\u00f3mica del potenziale acquierente <\/span><b><i>si fuera necesario gestionarle un prestito<\/i><\/b><strong> ipotecario.<\/strong>[\/vc_column_text][\/vc_tta_section][vc_tta_section title=&#8221;Ho gi\u00e0 pubblicato la casa dui portali. \u00bfVoi cosa mi offrite?&#8221; tab_id=&#8221;1571071938596-fcd356e3-0427&#8243;][vc_column_text]I portali immobiliari ricevono centinaia di nuove case ogni giorno, Ore dopo la pubblicazione, la tua casa passer\u00e1 dalla prima pagina ad essere molte pagine dopo. <\/p>\n<p>Per tanto, all\u2019interno dei nostri servizi, offriamo un investimento da parte nostra in modo che la tua casa sia sempre ai primi posti ed evidenziata.<span style=\"font-weight: 400;\">. <\/span>[\/vc_column_text][\/vc_tta_section][\/vc_tta_accordion][\/vc_column][\/vc_row][vc_row][vc_column][vc_empty_space height=&#8221;62px&#8221;][\/vc_column][\/vc_row]<\/p>\n","protected":false},"excerpt":{"rendered":"<p>[vc_row full_width=&#8221;stretch_row&#8221; css=&#8221;.vc_custom_1571081760170{padding-top: 5% !important;padding-right: 5% !important;background-image: url(https:\/\/glowbal.es\/wp-content\/uploads\/2019\/09\/Foto-principal.jpg?id=1004) !important;}&#8221;][vc_column width=&#8221;2\/3&#8243;][vc_row_inner][vc_column_inner width=&#8221;2\/3&#8243;][vc_column_text] \u00bfImaginas\u00a0la tua casa venduta in 90 giorni, senza preoccuparti di nulla? [\/vc_column_text][\/vc_column_inner][vc_column_inner width=&#8221;1\/6&#8243;][\/vc_column_inner][\/vc_row_inner][\/vc_column][vc_column width=&#8221;1\/3&#8243; css=&#8221;.vc_custom_1571081873250{background-color: #5ba2be !important;}&#8221; el_id=&#8221;contacto&#8221;][vc_raw_html]JTVCY2FsZGVyYV9mb3JtJTIwaWQlM0QlMjJDRjVlMzBiOTJkZTI3YmQlMjIlNUQ=[\/vc_raw_html][\/vc_column][vc_column][vc_empty_space height=&#8221;52px&#8221;][\/vc_column][\/vc_row][vc_row][vc_column width=&#8221;1\/6&#8243;][\/vc_column][vc_column width=&#8221;2\/3&#8243;][vc_column_text] \u00bfPerch\u00e9 NOI? Per vendere devi creare, contribuire ed essere in grado di dimostrare che la tua propiet\u00e0 \u00e8 l\u2019opzione migliore. Per questo avrai [&hellip;]<\/p>\n","protected":false},"author":5,"featured_media":0,"parent":0,"menu_order":0,"comment_status":"closed","ping_status":"closed","template":"page-templates\/template-vc.php","meta":{"footnotes":""},"class_list":["post-1860","page","type-page","status-publish","hentry"],"_links":{"self":[{"href":"https:\/\/glowbal.es\/it\/wp-json\/wp\/v2\/pages\/1860","targetHints":{"allow":["GET"]}}],"collection":[{"href":"https:\/\/glowbal.es\/it\/wp-json\/wp\/v2\/pages"}],"about":[{"href":"https:\/\/glowbal.es\/it\/wp-json\/wp\/v2\/types\/page"}],"author":[{"embeddable":true,"href":"https:\/\/glowbal.es\/it\/wp-json\/wp\/v2\/users\/5"}],"replies":[{"embeddable":true,"href":"https:\/\/glowbal.es\/it\/wp-json\/wp\/v2\/comments?post=1860"}],"version-history":[{"count":2,"href":"https:\/\/glowbal.es\/it\/wp-json\/wp\/v2\/pages\/1860\/revisions"}],"predecessor-version":[{"id":1948,"href":"https:\/\/glowbal.es\/it\/wp-json\/wp\/v2\/pages\/1860\/revisions\/1948"}],"wp:attachment":[{"href":"https:\/\/glowbal.es\/it\/wp-json\/wp\/v2\/media?parent=1860"}],"curies":[{"name":"wp","href":"https:\/\/api.w.org\/{rel}","templated":true}]}}