{"id":1693,"date":"2019-12-11T17:54:05","date_gmt":"2019-12-11T16:54:05","guid":{"rendered":"https:\/\/glowbal.es\/intermediazione-finanziaria\/"},"modified":"2020-01-28T23:16:45","modified_gmt":"2020-01-28T22:16:45","slug":"intermediazione-finanziaria","status":"publish","type":"page","link":"https:\/\/glowbal.es\/it\/intermediazione-finanziaria\/","title":{"rendered":"Intermediazione Finanziaria"},"content":{"rendered":"<p>[vc_row content_placement=&#8221;top&#8221; row_type=&#8221;row&#8221; use_row_as_full_screen_section=&#8221;no&#8221; type=&#8221;grid&#8221; angled_section=&#8221;no&#8221; text_align=&#8221;left&#8221; background_image_as_pattern=&#8221;without_pattern&#8221; z_index=&#8221;&#8221; css=&#8221;.vc_custom_1566477635288{background-color: #ffffff !important;}&#8221;][vc_column][rev_slider_vc alias=&#8221;if-it&#8221;][\/vc_column][\/vc_row][vc_row gap=&#8221;10&#8243; equal_height=&#8221;yes&#8221; css=&#8221;.vc_custom_1566575571166{padding-right: 40px !important;padding-left: 40px !important;background-color: #ffffff !important;}&#8221;][vc_column width=&#8221;1\/6&#8243; css=&#8221;.vc_custom_1467988153317{padding-top: 0px !important;}&#8221;][\/vc_column][vc_column width=&#8221;2\/3&#8243;][vc_column_text]<\/p>\n<h3 style=\"text-align: center;\"><b>Sai che meriti di pi\u00fa\u2026<\/b><b>Quindi continua a leggere che questo ti interesser\u00e1&#8230;<\/b><\/h3>\n<p style=\"text-align: center;\">Pensi certamente, che la soluzione sia un mutuo, ma sei stanco di ascoltare le offerte e non sai cosa fare?<br \/>\nDurante le ultime ore, hai visto offerte legate ai mutui.<br \/>\nSiamo invasi dalle diverse opzioni ed \u00e9 molto difficile capire quale sia la migliore per te.<\/p>\n<p style=\"text-align: center;\">Forse ti stai domandando se \u00e8 pi\u00f9 importante acquistare o affittare, se puoi aquistare senza avere molti risparmi o se puoi diventare indipendente.<\/p>\n<p style=\"text-align: center;\">Per tutto questo abbiamo creato un servizio di \u201cIntermediazione Finanziaria\u201d che ti aiuter\u00e0 a compiere il sogno della casa propria.<\/p>\n<h3 style=\"text-align: center;\"><span style=\"font-weight: 400; color: #333333;\">Questo servizio lo chiamiamo <strong>Plan Crear<\/strong><\/span><\/h3>\n<p>[\/vc_column_text][\/vc_column][vc_column width=&#8221;1\/6&#8243;][\/vc_column][vc_column][vc_row_inner][vc_column_inner width=&#8221;1\/3&#8243;][vc_single_image image=&#8221;711&#8243; img_size=&#8221;full&#8221;][vc_column_text]<\/p>\n<h4 style=\"text-align: center;\"><b>Se ti dicessi che con il nostro servizio risparmierai un sacco di soldi a lungo termine ?<\/b><span style=\"font-weight: 400;\">?<\/span><\/h4>\n<p style=\"text-align: center;\"><span style=\"font-weight: 400;\">Cerchiamo non solo il miglior mutuo per te , ma anche il miglior piano finanziario per il sogno di avere una casa tutta tua. Non vogliamo che tu abbia sempre pi\u00f9 debiti, vogliamo darti una soluzione.<\/span><\/p>\n<p>[\/vc_column_text][\/vc_column_inner][vc_column_inner width=&#8221;1\/3&#8243;][vc_single_image image=&#8221;712&#8243; img_size=&#8221;full&#8221;][vc_column_text]<\/p>\n<h4 style=\"text-align: center;\"><b>\u00bfSe ti dicessi che non devi visitare banche e pi\u00f9 banche per cercare opzioni ? <\/b><\/h4>\n<p style=\"text-align: center;\"><span style=\"font-weight: 400;\">Sicuramente conoscerai una, due o tre banche. Noi lavoriamo da pi\u00f9 di 10 anni con molte di esse e sappiamo qual \u00e9 il prodotto migliore per te e la tua familia. Aprofitta del tuo tempo mentre noi lavoriamo per dare una soluzione pi\u00f9 adatta a te.<\/span><\/p>\n<p>[\/vc_column_text][\/vc_column_inner][vc_column_inner width=&#8221;1\/3&#8243;][vc_single_image image=&#8221;716&#8243; img_size=&#8221;full&#8221;][vc_column_text]<\/p>\n<h4 style=\"text-align: center;\"><b>E infine \u00bfSe ti dicessi che possiamo educarti finanziariamente?<\/b><\/h4>\n<p style=\"text-align: center;\"><span style=\"font-weight: 400;\">Ci ocuperemo di fare un\u2019accurata ricerca per sapere esattamente le tue espese per oggi, domani e fino al termine dell\u2019 ipoteca. Noi la chiamiamo <\/span><b>educazione finanziaria<\/b><\/p>\n<p>[\/vc_column_text][\/vc_column_inner][\/vc_row_inner][\/vc_column][\/vc_row][vc_row full_width=&#8221;stretch_row_content_no_spaces&#8221; css=&#8221;.vc_custom_1467987973009{padding-top: 0px !important;background-color: #ffffff !important;}&#8221;][vc_column css=&#8221;.vc_custom_1467988153317{padding-top: 0px !important;}&#8221;][cf47rs_section_features title=&#8221;\u00bfLas condiciones que me pide el banco las cumplir\u00e9?&#8221; side_image=&#8221;138&#8243; css=&#8221;.vc_custom_1566578218960{padding-top: 0px !important;}&#8221;][cf47rs_section_features_item]<span style=\"font-weight: 400;\">Sicuramente avrai pensato in comprare una casa, un\u2019apartamento indipendente o una villa, perch\u00e9 la familia adesso \u00e8 pi\u00f9 grande, perch\u00e8 desideri allontanarti dalla cittt\u00e0 e trovare un posto pi\u00f9 tranquillo o semplicemente perch\u00e8 vuoi cambiare quartiere.<\/span><\/p>\n<p><span style=\"font-weight: 400;\">Ma la domanda che ti fai ogni volta \u00e8: \u00bfRiuscir\u00f2 a rispettare le condizioni che mi chiede la banca?[\/cf47rs_section_features_item][cf47rs_section_features_item] <b>\u00bfPotr\u00f2 avere un ipoteca migliore?<\/b><\/span><\/p>\n<p><span style=\"font-weight: 400;\">Siamo agenti finanziari, collaboratori bancari di varie societ\u00e0, Sappiamo quello che cerchi, ti faremo il <\/span><b>profilo perfetto <\/b><span style=\"font-weight: 400;\">(cosa devi presentare e cosa no, garanzie complementari, quali contributi si sommano alle tue condizioni in modo da non affogare in un mare di carte insignificanti).<\/span>[\/cf47rs_section_features_item][\/cf47rs_section_features][\/vc_column][\/vc_row][vc_row content_placement=&#8221;middle&#8221; css=&#8221;.vc_custom_1566581484097{background-image: url(https:\/\/glowbal.es\/wp-content\/uploads\/revslider\/RealtyspaceSlider11\/banner-4.jpg?id=11) !important;}&#8221;][vc_column width=&#8221;1\/2&#8243;][vc_cta h2=&#8221;Situazioni nelle quali probabilmente ti trovi&#8221; css=&#8221;.vc_custom_1566580774853{padding-top: 10px !important;padding-bottom: 10px !important;}&#8221;]<\/p>\n<ul>\n<li style=\"font-weight: 400;\"><span style=\"font-weight: 400;\">Vuoi comprare una casa in particolare o da un altro consultente Immobiliare. <\/span><\/li>\n<li style=\"font-weight: 400;\"><span style=\"font-weight: 400;\">Il tipo di prodotto offerto nella tua entit\u00e1 non funziona per Te.<\/span><\/li>\n<li style=\"font-weight: 400;\"><span style=\"font-weight: 400;\">Hai le condizione ma non sai come fare.<\/span><\/li>\n<li style=\"font-weight: 400;\"><span style=\"font-weight: 400;\">Non hai tempo di vedere l\u2019opzione migliore per Te.<\/span><\/li>\n<li style=\"font-weight: 400;\"><span style=\"font-weight: 400;\">Hai in mente una casa ma non vuoi dare l\u2019anticipo perch\u00e9 non sai se ti daranno il prestito.<\/span><\/li>\n<\/ul>\n<p>[\/vc_cta][\/vc_column][vc_column width=&#8221;1\/2&#8243;][vc_column_text]<span style=\"color: #ffffff;\"><b>In tutte le situazioni vogliamo che tu possa contare con noi, perch\u00e9 possiamo aiutarti con il nostro servizio \u201cPLAN CREAR\u201d<\/b><\/span><\/p>\n<p><span style=\"color: #ffffff;\"><b>Se vuoi comprare la casa da noi,<\/b><span style=\"font-weight: 400;\"> abbiamo un catalogo molto ampio di opzioni<strong> e la cosa migliore \u00e8 che puoi dare l\u2019anticipo della casa dei tuoi sogni e se, per qualsiasi motivo, le opzioni di mutuo che troviamo per Te non vano bene, no ti preoccupare , non lo perdi!<\/strong><\/span><\/span>[\/vc_column_text][\/vc_column][vc_column][vc_btn title=&#8221;Raccontaci la tua situazione!&#8221; style=&#8221;gradient-custom&#8221; gradient_custom_color_1=&#8221;#30abd1&#8243; gradient_custom_color_2=&#8221;#21c7ed&#8221; size=&#8221;lg&#8221; align=&#8221;center&#8221; i_type=&#8221;entypo&#8221; i_icon_entypo=&#8221;entypo-icon entypo-icon-right-dir&#8221; add_icon=&#8221;true&#8221;][\/vc_column][\/vc_row][vc_row row_type=&#8221;row&#8221; use_row_as_full_screen_section=&#8221;yes&#8221; type=&#8221;full_width&#8221; angled_section=&#8221;no&#8221; text_align=&#8221;center&#8221; background_image_as_pattern=&#8221;without_pattern&#8221; z_index=&#8221;&#8221; css=&#8221;.vc_custom_1566498955250{background-color: #2d465c !important;}&#8221;][vc_column][\/vc_column][\/vc_row][vc_row equal_height=&#8221;yes&#8221;][vc_column][vc_column_text]<\/p>\n<h1 style=\"text-align: center;\">\u00bfCome \u00e9 il proceso?<\/h1>\n<p>[\/vc_column_text][vc_separator color=&#8221;custom&#8221; border_width=&#8221;6&#8243; accent_color=&#8221;#26c9f2&#8243;][vc_cta h2=&#8221;&#8221; txt_align=&#8221;center&#8221;]<\/p>\n<h3 style=\"text-align: center;\"><b>Lavoriamo solo dei successi. <\/b><\/h3>\n<p style=\"text-align: center;\"><span style=\"font-weight: 400;\">Se non otteniamo nulla, non devi pagare nulla. <\/span><\/p>\n<h3 style=\"text-align: center;\"><b>Presupposto chiuso.<\/b><\/h3>\n<p style=\"text-align: center;\"><span style=\"font-weight: 400;\">L\u2019unica sorpresa che avrai saranno le condizioni che troveremo per Te e ci\u00f3 che risparmierai.<\/span><\/p>\n<p>[\/vc_cta][\/vc_column][vc_column width=&#8221;1\/2&#8243;][vc_cta h2=&#8221;1. Ci conosciamo.&#8221; h4=&#8221;Raccogliamo tutte le informazione finanziarie ed una volta ricevute analizziamo punto per punto il tuo caso in particolare. In questo modo studieremo la fattibilit\u00e1 del progetto ed, una volta ottenuti i nostri risultati ti comunicheremo le opzioni.&#8221; style=&#8221;flat&#8221; color=&#8221;white&#8221;][\/vc_cta][vc_cta h2=&#8221;2. La Valutazione&#8221; h4=&#8221;Lavoriamo con agenzie finanziarie da oltre 10 anni, perci\u00f2 le nostre valutazioni vengono fuori sempre in modo positivo e quindi il prestito per i nostri clienti \u00e8 sempre autorizzato per l\u2019\u00edmporto richiesto.&#8221; style=&#8221;flat&#8221; color=&#8221;white&#8221;][\/vc_cta][\/vc_column][vc_column width=&#8221;1\/2&#8243;][vc_cta h2=&#8221;3. Cominciamo a muoverci.&#8221; h4=&#8221;Consultiamo le diverse banche per trovare il miglior prodotto sul mercato e le migliori condizioni. Ti offriamo un servizio integrale. (Avrai sempre un professionista dedicato a Te che si occuper\u00e1 di tutte le procedure).&#8221; style=&#8221;flat&#8221; color=&#8221;white&#8221;][\/vc_cta][vc_cta h2=&#8221;4. Obiettivo raggiunto&#8221; h4=&#8221;L\u2019\u00faltimo passo \u00e9 la firma delle condizioni, prima con la banca e poi con il Notaio. \u00c8 tempo per la celebrazione !!!&#8221; style=&#8221;flat&#8221; color=&#8221;white&#8221;][\/vc_cta][\/vc_column][\/vc_row]<\/p>\n","protected":false},"excerpt":{"rendered":"<p>[vc_row content_placement=&#8221;top&#8221; row_type=&#8221;row&#8221; use_row_as_full_screen_section=&#8221;no&#8221; type=&#8221;grid&#8221; angled_section=&#8221;no&#8221; text_align=&#8221;left&#8221; background_image_as_pattern=&#8221;without_pattern&#8221; z_index=&#8221;&#8221; css=&#8221;.vc_custom_1566477635288{background-color: #ffffff !important;}&#8221;][vc_column][rev_slider_vc alias=&#8221;if-it&#8221;][\/vc_column][\/vc_row][vc_row gap=&#8221;10&#8243; equal_height=&#8221;yes&#8221; css=&#8221;.vc_custom_1566575571166{padding-right: 40px !important;padding-left: 40px !important;background-color: #ffffff !important;}&#8221;][vc_column width=&#8221;1\/6&#8243; css=&#8221;.vc_custom_1467988153317{padding-top: 0px !important;}&#8221;][\/vc_column][vc_column width=&#8221;2\/3&#8243;][vc_column_text] Sai che meriti di pi\u00fa\u2026Quindi continua a leggere che questo ti interesser\u00e1&#8230; Pensi certamente, che la soluzione sia un mutuo, ma sei stanco di ascoltare le offerte e [&hellip;]<\/p>\n","protected":false},"author":5,"featured_media":0,"parent":0,"menu_order":0,"comment_status":"closed","ping_status":"closed","template":"page-templates\/template-vc.php","meta":{"footnotes":""},"class_list":["post-1693","page","type-page","status-publish","hentry"],"_links":{"self":[{"href":"https:\/\/glowbal.es\/it\/wp-json\/wp\/v2\/pages\/1693","targetHints":{"allow":["GET"]}}],"collection":[{"href":"https:\/\/glowbal.es\/it\/wp-json\/wp\/v2\/pages"}],"about":[{"href":"https:\/\/glowbal.es\/it\/wp-json\/wp\/v2\/types\/page"}],"author":[{"embeddable":true,"href":"https:\/\/glowbal.es\/it\/wp-json\/wp\/v2\/users\/5"}],"replies":[{"embeddable":true,"href":"https:\/\/glowbal.es\/it\/wp-json\/wp\/v2\/comments?post=1693"}],"version-history":[{"count":2,"href":"https:\/\/glowbal.es\/it\/wp-json\/wp\/v2\/pages\/1693\/revisions"}],"predecessor-version":[{"id":1943,"href":"https:\/\/glowbal.es\/it\/wp-json\/wp\/v2\/pages\/1693\/revisions\/1943"}],"wp:attachment":[{"href":"https:\/\/glowbal.es\/it\/wp-json\/wp\/v2\/media?parent=1693"}],"curies":[{"name":"wp","href":"https:\/\/api.w.org\/{rel}","templated":true}]}}